{"id":2,"date":"2010-02-28T13:20:46","date_gmt":"2010-02-28T13:20:46","guid":{"rendered":"?page_id=2"},"modified":"2026-01-10T16:25:19","modified_gmt":"2026-01-10T16:25:19","slug":"a-propos","status":"publish","type":"page","link":"http:\/\/www.bridgemagique.fr\/?page_id=2","title":{"rendered":"Stages"},"content":{"rendered":"<h3>Une semaine avec Bridge Magique, c\u2019est\u2026<\/h3>\n<ul>\n<li>des tournois quotidiens dot\u00e9s en points d\u2019expert\u2026<\/li>\n<li>un tournoi d\u2019accueil<\/li>\n<li>un open en 2 s\u00e9ances<\/li>\n<li>un individuel<\/li>\n<li>un multiduplicate<\/li>\n<li>un tournoi handicap<\/li>\n<li>un tournoi en donnes pr\u00e9par\u00e9es<\/li>\n<li>2 masters en fin de semaine : Scratch et Handicap (tenant compte de votre classement FFB)<\/li>\n<\/ul>\n<p>Pour votre confort, les tournois se d\u00e9roulent de 17h \u00e0 20h sauf le tournoi d&rsquo;accueil (de 21H \u00e0 23H) et le multiduplicate de 20h45 \u00e0 23h45.<\/p>\n<h4>Deux niveaux de cours : <strong>(150 Euros pour la semaine)<\/strong><\/h4>\n<ul>\n<li>perfectionnement (assur\u00e9 par Renata)<\/li>\n<li>comp\u00e9tition (assur\u00e9 par Pierre)<\/li>\n<li>six s\u00e9ances de 2 heures donnant lieu \u00e0 chaque fois \u00e0 la remise d\u2019un polycopi\u00e9 complet.<\/li>\n<li>des animations, des soir\u00e9es sp\u00e9ciales, des excursions en tout genre<\/li>\n<\/ul>\n<h3>Le tout dans une bonne humeur permanente !<\/h3>\n<hr style=\"margin: 20px 0; display: block;\" \/>\n<h1>Saison 2026<\/h1>\n<p><strong><a href=\"http:\/\/www.bridgemagique.fr\/?p=2143\">L&rsquo;Ard\u00e8che m\u00e9ridionale du 28 juin 2026 au 04 juillet 2026<\/a><br \/>\n<\/strong>Domaine Lou Capitelle &amp; Spa **** &#8211; Nich\u00e9 entre la rivi\u00e8re Ard\u00e8che et les falaises, le domaine s&rsquo;\u00e9tend sur 7 hectares d&rsquo;espaces ombrag\u00e9s et fleuris et se situe face au village de Vog\u00fce, class\u00e9 \u00ab\u00a0Plus Beaux Villages de France\u00a0\u00bb, point de d\u00e9part de la grandiose descente des Gorges de l&rsquo;Ard\u00e8che.<\/p>\n<p><a href=\"http:\/\/www.bridgemagique.fr\/?p=2143\"><img loading=\"lazy\" class=\"alignnone wp-image-1786 size-full\" src=\"http:\/\/www.bridgemagique.fr\/wp-content\/uploads\/2024\/01\/1-sm-1.jpg\" alt=\"\" width=\"180\" height=\"115\" border=\"0\" \/><\/a> <a href=\"http:\/\/www.bridgemagique.fr\/?p=2143\"><img loading=\"lazy\" class=\"alignnone wp-image-1788 size-full\" src=\"http:\/\/www.bridgemagique.fr\/wp-content\/uploads\/2024\/01\/3-sm.jpg\" alt=\"\" width=\"180\" height=\"115\" border=\"0\" \/><\/a> <a href=\"http:\/\/www.bridgemagique.fr\/?p=2143\"><img loading=\"lazy\" class=\"alignnone wp-image-1787 size-full\" src=\"http:\/\/www.bridgemagique.fr\/wp-content\/uploads\/2024\/01\/2-sm.jpg\" alt=\"\" width=\"180\" height=\"115\" border=\"0\" \/><\/a><\/p>\n<hr \/>\n<h3>Info contact stage<\/h3>\n<p>Bridge Magique,<br \/>\n2 Impasse des Pyracanthas<br \/>\n30840 Meynes<br \/>\ntel: 04-66-04-10-25<br \/>\nmail: <a href=\"mailto:pierre.saporta@wanadoo.fr\">pierre.saporta@wanadoo.fr<\/a><\/p>\n<hr \/>\n","protected":false},"excerpt":{"rendered":"<p>Une semaine avec Bridge Magique, c\u2019est\u2026 des tournois quotidiens dot\u00e9s en points d\u2019expert\u2026 un tournoi d\u2019accueil un open en 2 s\u00e9ances un individuel un multiduplicate un tournoi handicap un tournoi en donnes pr\u00e9par\u00e9es 2 masters en fin de semaine : Scratch et Handicap (tenant compte de votre classement FFB) Pour votre confort, les tournois se [&hellip;]<\/p>\n","protected":false},"author":2,"featured_media":0,"parent":0,"menu_order":0,"comment_status":"open","ping_status":"open","template":"","meta":[],"_links":{"self":[{"href":"http:\/\/www.bridgemagique.fr\/index.php?rest_route=\/wp\/v2\/pages\/2"}],"collection":[{"href":"http:\/\/www.bridgemagique.fr\/index.php?rest_route=\/wp\/v2\/pages"}],"about":[{"href":"http:\/\/www.bridgemagique.fr\/index.php?rest_route=\/wp\/v2\/types\/page"}],"author":[{"embeddable":true,"href":"http:\/\/www.bridgemagique.fr\/index.php?rest_route=\/wp\/v2\/users\/2"}],"replies":[{"embeddable":true,"href":"http:\/\/www.bridgemagique.fr\/index.php?rest_route=%2Fwp%2Fv2%2Fcomments&post=2"}],"version-history":[{"count":104,"href":"http:\/\/www.bridgemagique.fr\/index.php?rest_route=\/wp\/v2\/pages\/2\/revisions"}],"predecessor-version":[{"id":2147,"href":"http:\/\/www.bridgemagique.fr\/index.php?rest_route=\/wp\/v2\/pages\/2\/revisions\/2147"}],"wp:attachment":[{"href":"http:\/\/www.bridgemagique.fr\/index.php?rest_route=%2Fwp%2Fv2%2Fmedia&parent=2"}],"curies":[{"name":"wp","href":"https:\/\/api.w.org\/{rel}","templated":true}]}}