{"id":6,"date":"2010-03-01T13:18:02","date_gmt":"2010-03-01T13:18:02","guid":{"rendered":"?page_id=6"},"modified":"2012-04-04T18:56:56","modified_gmt":"2012-04-04T18:56:56","slug":"jeux-liens","status":"publish","type":"page","link":"http:\/\/www.bridgemagique.fr\/?page_id=6","title":{"rendered":"Jeux \/ Liens"},"content":{"rendered":"<p><a href=\"http:\/\/www.bridgechallenge.com\/\" target=\"_blank\">BridgeChallenge.com<\/a><br \/>\nSite sympa d&rsquo;ench\u00e8res: probl\u00e8mes \u00e0 poser aux experts ou partenaires, concours mensuels&#8230;<br \/>\nInteractif et gratuit, pr\u00eats pour un challenge ?<\/p>\n<p><a href=\"http:\/\/clairebridge.com\/\" target=\"_self\">clairebridge.com<\/a><br \/>\nUn site sympa avec les classements mondiaux, des interviews de champions, des photos &#8230;<\/p>\n<p><a href=\"http:\/\/colybridge.info\/\" target=\"_blank\">colybridge.info<\/a><br \/>\nLe site du Comit\u00e9 du lyonnais de bridge. Des tonnes d&rsquo;informations utiles tr\u00e8s agr\u00e9ablement pr\u00e9sent\u00e9es.<\/p>\n<p><a href=\"http:\/\/www.bridgebase.com\/\" target=\"_blank\">Bridge Base On line<\/a><br \/>\nLe site mondialement connu des tournois en ligne et des comp\u00e9titions internationales en direct.<br \/>\nEnti\u00e8rement gratuit.<\/p>\n<p><a href=\"http:\/\/www.ffbridge.asso.fr\/\" target=\"_blank\">F\u00e9d\u00e9ration Fran\u00e7aise de Bridge<\/a><br \/>\nActualit\u00e9, classements, r\u00e9sultats des comp\u00e9titions,\u2026<\/p>\n<p><a href=\"http:\/\/will-bridge.com\/\" target=\"_blank\">Will-bridge<\/a><br \/>\nJeux en ligne, magazines, CDRoms ,\u2026<\/p>\n<p><a href=\"http:\/\/www.funbridge.com\/fr\/index.asp\" target=\"_blank\">Fun bridge<\/a><br \/>\nTournois en ligne. Un blog sympa de J\u00e9rome Rombaut.<\/p>\n<p><a href=\"http:\/\/lebridgeur.com\/catalog\/index.php\" target=\"_blank\">Le Bridgeur<\/a><br \/>\nRevues, livres, mat\u00e9riel de tournois, \u2026<\/p>\n<p><a href=\"http:\/\/www.jouerbridge.com\/\" target=\"_blank\">Jouer Bridge<\/a><br \/>\nRevues, tests en ligne,\u2026<\/p>\n<p><a href=\"http:\/\/www.kdigit-studio.com\/\" target=\"_blank\">KDIGIT STUDIO<\/a><br \/>\nStudio de communication concepteur de cette version de bridgemagique.fr<\/p>\n","protected":false},"excerpt":{"rendered":"<p>BridgeChallenge.com Site sympa d&rsquo;ench\u00e8res: probl\u00e8mes \u00e0 poser aux experts ou partenaires, concours mensuels&#8230; Interactif et gratuit, pr\u00eats pour un challenge ? clairebridge.com Un site sympa avec les classements mondiaux, des interviews de champions, des photos &#8230; colybridge.info Le site du Comit\u00e9 du lyonnais de bridge. Des tonnes d&rsquo;informations utiles tr\u00e8s agr\u00e9ablement pr\u00e9sent\u00e9es. Bridge Base On [&hellip;]<\/p>\n","protected":false},"author":2,"featured_media":0,"parent":0,"menu_order":0,"comment_status":"open","ping_status":"open","template":"","meta":[],"_links":{"self":[{"href":"http:\/\/www.bridgemagique.fr\/index.php?rest_route=\/wp\/v2\/pages\/6"}],"collection":[{"href":"http:\/\/www.bridgemagique.fr\/index.php?rest_route=\/wp\/v2\/pages"}],"about":[{"href":"http:\/\/www.bridgemagique.fr\/index.php?rest_route=\/wp\/v2\/types\/page"}],"author":[{"embeddable":true,"href":"http:\/\/www.bridgemagique.fr\/index.php?rest_route=\/wp\/v2\/users\/2"}],"replies":[{"embeddable":true,"href":"http:\/\/www.bridgemagique.fr\/index.php?rest_route=%2Fwp%2Fv2%2Fcomments&post=6"}],"version-history":[{"count":6,"href":"http:\/\/www.bridgemagique.fr\/index.php?rest_route=\/wp\/v2\/pages\/6\/revisions"}],"predecessor-version":[{"id":111,"href":"http:\/\/www.bridgemagique.fr\/index.php?rest_route=\/wp\/v2\/pages\/6\/revisions\/111"}],"wp:attachment":[{"href":"http:\/\/www.bridgemagique.fr\/index.php?rest_route=%2Fwp%2Fv2%2Fmedia&parent=6"}],"curies":[{"name":"wp","href":"https:\/\/api.w.org\/{rel}","templated":true}]}}